{"id":23772,"date":"2021-01-16T15:10:39","date_gmt":"2021-01-16T14:10:39","guid":{"rendered":"http:\/\/www.rockin-wildcat.com\/rwc\/?page_id=23772"},"modified":"2021-02-04T13:01:37","modified_gmt":"2021-02-04T12:01:37","slug":"forum","status":"publish","type":"page","link":"https:\/\/www.rockin-wildcat.com\/rwc\/forum","title":{"rendered":"Forum"},"content":{"rendered":"<p>\n<div id=\"bbpress-forums\" class=\"bbpress-wrapper\">\n\n\t\n\t<div class=\"bbp-search-form\">\n\t\t<form role=\"search\" method=\"get\" id=\"bbp-search-form\">\n\t\t\t<div>\n\t\t\t\t<label class=\"screen-reader-text hidden\" for=\"bbp_search\">Suche nach:<\/label>\n\t\t\t\t<input type=\"hidden\" name=\"action\" value=\"bbp-search-request\" \/>\n\t\t\t\t<input type=\"text\" value=\"\" name=\"bbp_search\" id=\"bbp_search\" \/>\n\t\t\t\t<input class=\"button\" type=\"submit\" id=\"bbp_search_submit\" value=\"Suche\" \/>\n\t\t\t<\/div>\n\t\t<\/form>\n\t<\/div>\n\n\n\t<div class=\"bbp-breadcrumb\"><p><span class=\"bbp-breadcrumb-current\">Forum<\/span><\/p><\/div><script type=\"application\/ld+json\">{\"@context\":\"http:\\\/\\\/schema.org\\\/\",\"@type\":\"BreadcrumbList\",\"itemListElement\":[{\"@type\":\"ListItem\",\"position\":1,\"item\":{\"@id\":\"https:\\\/\\\/www.rockin-wildcat.com\\\/rwc\\\/wp-json\\\/wp\\\/v2\\\/pages\\\/23772\",\"name\":\"Foren\"}}]}<\/script>\n\t\n\t\n\t\n\t\t\r\n\r\n\t\t\t\t\t\t\t\r\n\t\t\t\r\n\t\t\t\r\n\t\t\t<ul id=\"forums-list-10711\" class=\"bbp-forums bsp-template1\">\r\n\r\n\t\t\t\t<li class=\"bbp-header\">\r\n\r\n\t\t\t\t\t<ul class=\"forum-titles\">\r\n\t\t\t\t\t\t<li class=\"bbp-forum-info\"><a class=\"bbp-forum-name bsp-forum-name\" href=\"https:\/\/www.rockin-wildcat.com\/rwc\/forums\/forum\/its-only-rocknroll-but-i-like-it\">IT&#8217;S ONLY ROCK&#8217;N&#8217;ROLL BUT I LIKE IT<\/a><\/li>\r\n\t\t\t\t\t\t<li class=\"bbp-forum-topic-count\">\r\n\t\t\t\t\t\t\tThemen\t\t\t\t\t\t<\/li>\r\n\t\t\t\t\t\t<li class=\"bbp-forum-reply-count\">\r\n\t\t\t\t\t\t\tBeitr\u00e4ge\t\t\t\t\t\t<\/li>\r\n\t\t\t\t\t\t<li class=\"bbp-forum-freshness\">Letzter Beitrag<\/li>\r\n\t\t\t\t\t<\/ul>\r\n\r\n\t\t\t\t<\/li><!-- .bbp-header -->\r\n\r\n\t\t\t<li class=\"bbp-body\">\r\n\t\r\n\n<ul id=\"bbp-forum-10713\" class=\"loop-item-0 bbp-forum-status-open bbp-forum-visibility-publish odd  bbp-parent-forum-10711 post-10713 forum type-forum status-publish hentry\">\n\t<li class=\"bbp-forum-info\">\n\n\t\t\n\t\t\n\t\t<a class=\"bbp-forum-title\" href=\"https:\/\/www.rockin-wildcat.com\/rwc\/forums\/forum\/its-only-rocknroll-but-i-like-it\/allgemeines-forum\">Allgemeines Forum<\/a>\n\n\t\t\n\t\t\n\t\t<div class=\"bbp-forum-content\"><span style=\"color: #b4b4b4;\">Themen rund um die sch\u00f6nste Sache der Welt: Rock'n'Roll !!!<\/span><\/div>\n\n\t\t\n\t\t\n\t\t\n\t\t\n\t\t\n\t<\/li>\n\n\t<li class=\"bbp-forum-topic-count\">3<\/li>\n\n\t<li class=\"bbp-forum-reply-count\">20<\/li>\n\n\t<li class=\"bbp-forum-freshness\">\n\n\t\t<a class=\"bsp_freshness_display_title\" href=\"https:\/\/www.rockin-wildcat.com\/rwc\/forums\/topic\/plattenteller-2\/page\/2#post-24423\" title=\"Antwort auf: Plattenteller\">Antwort auf: Plattenteller<\/a><p\/>\n\t\t<a href=\"https:\/\/www.rockin-wildcat.com\/rwc\/forums\/topic\/plattenteller-2\/page\/2#post-24423\" title=\"Antwort auf: Plattenteller\">13.05.2021 - 19:06<\/a>\n\t\t\n\t\t<p class=\"bbp-topic-meta\">\n\n\t\t\t\n\t\t\t<span class=\"bbp-topic-freshness-author\"><a href=\"https:\/\/www.rockin-wildcat.com\/rwc\/forums\/users\/doo-wop-daddyo\" title=\"Das Profil von Doo-Wop-DaddyO betrachten\" class=\"bbp-author-link\"><span  class=\"bbp-author-name\">Doo-Wop-DaddyO<\/span><\/a><\/span>\n\n\t\t\t\n\t\t<\/p>\n\t<\/li>\n<\/ul><!-- #bbp-forum-10713 -->\n\n<ul id=\"bbp-forum-10715\" class=\"loop-item-1 bbp-forum-status-open bbp-forum-visibility-publish even  bbp-parent-forum-10711 post-10715 forum type-forum status-publish hentry\">\n\t<li class=\"bbp-forum-info\">\n\n\t\t\n\t\t\n\t\t<a class=\"bbp-forum-title\" href=\"https:\/\/www.rockin-wildcat.com\/rwc\/forums\/forum\/its-only-rocknroll-but-i-like-it\/50s-rocknroll\">Music only: 50s Rock&#8217;n&#8217;Roll<\/a>\n\n\t\t\n\t\t\n\t\t<div class=\"bbp-forum-content\"><span style=\"color: #b4b4b4;\">F\u00fcr dich ist der originale Sound alles, was wirklich z\u00e4hlt? Dann bist du hier richtig!<\/span><\/div>\n\n\t\t\n\t\t\n\t\t\n\t\t\n\t\t\n\t<\/li>\n\n\t<li class=\"bbp-forum-topic-count\">0<\/li>\n\n\t<li class=\"bbp-forum-reply-count\">0<\/li>\n\n\t<li class=\"bbp-forum-freshness\">\n\n\t\t<a class=\"bsp_freshness_display_title\" href=\"\" title=\"\"><\/a><p\/>\n\t\tKeine Themen\n\t\t\n\t\t<p class=\"bbp-topic-meta\">\n\n\t\t\t\n\t\t\t<span class=\"bbp-topic-freshness-author\"><\/span>\n\n\t\t\t\n\t\t<\/p>\n\t<\/li>\n<\/ul><!-- #bbp-forum-10715 -->\n\n<ul id=\"bbp-forum-10717\" class=\"loop-item-2 bbp-forum-status-open bbp-forum-visibility-publish odd  bbp-parent-forum-10711 post-10717 forum type-forum status-publish hentry\">\n\t<li class=\"bbp-forum-info\">\n\n\t\t\n\t\t\n\t\t<a class=\"bbp-forum-title\" href=\"https:\/\/www.rockin-wildcat.com\/rwc\/forums\/forum\/its-only-rocknroll-but-i-like-it\/psycho-neorockabilly\">Music only: Psycho- &#038; Neorockabilly<\/a>\n\n\t\t\n\t\t\n\t\t<div class=\"bbp-forum-content\"><span style=\"color: #b4b4b4;\">F\u00fcr dich darf es auch mal \"schneller, lauter, h\u00e4rter\" sein? Dann hier entlang!<\/span><\/div>\n\n\t\t\n\t\t\n\t\t\n\t\t\n\t\t\n\t<\/li>\n\n\t<li class=\"bbp-forum-topic-count\">3<\/li>\n\n\t<li class=\"bbp-forum-reply-count\">3<\/li>\n\n\t<li class=\"bbp-forum-freshness\">\n\n\t\t<a class=\"bsp_freshness_display_title\" href=\"https:\/\/www.rockin-wildcat.com\/rwc\/forums\/topic\/the-guardian-the-wild-world-of-psychobilly\" title=\"The Guardian &#8211; The Wild World of Psychobilly\">The Guardian &#8211; The Wild World of Psychobilly<\/a><p\/>\n\t\t<a href=\"https:\/\/www.rockin-wildcat.com\/rwc\/forums\/topic\/the-guardian-the-wild-world-of-psychobilly\" title=\"The Guardian &#8211; The Wild World of Psychobilly\">02.08.2021 - 16:42<\/a>\n\t\t\n\t\t<p class=\"bbp-topic-meta\">\n\n\t\t\t\n\t\t\t<span class=\"bbp-topic-freshness-author\"><a href=\"https:\/\/www.rockin-wildcat.com\/rwc\/forums\/users\/wildcat\" title=\"Das Profil von Wildcat Bj\u00f6rn betrachten\" class=\"bbp-author-link\"><span  class=\"bbp-author-name\">Wildcat Bj\u00f6rn<\/span><\/a><\/span>\n\n\t\t\t\n\t\t<\/p>\n\t<\/li>\n<\/ul><!-- #bbp-forum-10717 -->\n\n<ul id=\"bbp-forum-10729\" class=\"loop-item-3 bbp-forum-status-open bbp-forum-visibility-publish even  bbp-parent-forum-10711 post-10729 forum type-forum status-publish hentry\">\n\t<li class=\"bbp-forum-info\">\n\n\t\t\n\t\t\n\t\t<a class=\"bbp-forum-title\" href=\"https:\/\/www.rockin-wildcat.com\/rwc\/forums\/forum\/its-only-rocknroll-but-i-like-it\/in-memory-of\">In Memory of<\/a>\n\n\t\t\n\t\t\n\t\t<div class=\"bbp-forum-content\"><span style=\"color: #b4b4b4;\">Die M\u00f6glichkeit f\u00fcr einen Nachruf auf die, die zu fr\u00fch von uns gegangen sind.<\/span><\/div>\n\n\t\t\n\t\t\n\t\t\n\t\t\n\t\t\n\t<\/li>\n\n\t<li class=\"bbp-forum-topic-count\">0<\/li>\n\n\t<li class=\"bbp-forum-reply-count\">0<\/li>\n\n\t<li class=\"bbp-forum-freshness\">\n\n\t\t<a class=\"bsp_freshness_display_title\" href=\"\" title=\"\"><\/a><p\/>\n\t\tKeine Themen\n\t\t\n\t\t<p class=\"bbp-topic-meta\">\n\n\t\t\t\n\t\t\t<span class=\"bbp-topic-freshness-author\"><\/span>\n\n\t\t\t\n\t\t<\/p>\n\t<\/li>\n<\/ul><!-- #bbp-forum-10729 -->\n\r\n\t\t\t<\/li><!-- .bbp-body -->\r\n\r\n\r\n\t\t\t<li class=\"bbp-footer\">\r\n\r\n\t\t\t\t<div class=\"bsp-footer\">\r\n\t\t\t\t\t<p class=\"bsp-footer2\">&nbsp;<\/p>\r\n\t\t\t\t<\/div><!-- .bsp-footer -->\r\n\r\n\t\t\t<\/li><!-- .bbp-footer -->\r\n\r\n\t\t<\/ul><!-- .forums-directory -->\r\n\r\n\t\t\t\t\t\t\t\r\n\t\t\t\r\n\t\t\t\r\n\t\t\t<ul id=\"forums-list-10732\" class=\"bbp-forums bsp-template1\">\r\n\r\n\t\t\t\t<li class=\"bbp-header\">\r\n\r\n\t\t\t\t\t<ul class=\"forum-titles\">\r\n\t\t\t\t\t\t<li class=\"bbp-forum-info\"><a class=\"bbp-forum-name bsp-forum-name\" href=\"https:\/\/www.rockin-wildcat.com\/rwc\/forums\/forum\/offtopic\">OFFTOPIC<\/a><\/li>\r\n\t\t\t\t\t\t<li class=\"bbp-forum-topic-count\">\r\n\t\t\t\t\t\t\tThemen\t\t\t\t\t\t<\/li>\r\n\t\t\t\t\t\t<li class=\"bbp-forum-reply-count\">\r\n\t\t\t\t\t\t\tBeitr\u00e4ge\t\t\t\t\t\t<\/li>\r\n\t\t\t\t\t\t<li class=\"bbp-forum-freshness\">Letzter Beitrag<\/li>\r\n\t\t\t\t\t<\/ul>\r\n\r\n\t\t\t\t<\/li><!-- .bbp-header -->\r\n\r\n\t\t\t<li class=\"bbp-body\">\r\n\t\r\n\n<ul id=\"bbp-forum-10734\" class=\"loop-item-0 bbp-forum-status-open bbp-forum-visibility-publish odd  bbp-parent-forum-10732 post-10734 forum type-forum status-publish hentry\">\n\t<li class=\"bbp-forum-info\">\n\n\t\t\n\t\t\n\t\t<a class=\"bbp-forum-title\" href=\"https:\/\/www.rockin-wildcat.com\/rwc\/forums\/forum\/offtopic\/smalltalk\">Smalltalk<\/a>\n\n\t\t\n\t\t\n\t\t<div class=\"bbp-forum-content\"><span style=\"color: #b4b4b4;\">Alles, was nichts mit Rock'n'Roll zu tun hat, kann hier besprochen werden.<\/span><\/div>\n\n\t\t\n\t\t\n\t\t\n\t\t\n\t\t\n\t<\/li>\n\n\t<li class=\"bbp-forum-topic-count\">0<\/li>\n\n\t<li class=\"bbp-forum-reply-count\">0<\/li>\n\n\t<li class=\"bbp-forum-freshness\">\n\n\t\t<a class=\"bsp_freshness_display_title\" href=\"\" title=\"\"><\/a><p\/>\n\t\tKeine Themen\n\t\t\n\t\t<p class=\"bbp-topic-meta\">\n\n\t\t\t\n\t\t\t<span class=\"bbp-topic-freshness-author\"><\/span>\n\n\t\t\t\n\t\t<\/p>\n\t<\/li>\n<\/ul><!-- #bbp-forum-10734 -->\n\r\n\t\t\t<\/li><!-- .bbp-body -->\r\n\r\n\r\n\t\t\t<li class=\"bbp-footer\">\r\n\r\n\t\t\t\t<div class=\"bsp-footer\">\r\n\t\t\t\t\t<p class=\"bsp-footer2\">&nbsp;<\/p>\r\n\t\t\t\t<\/div><!-- .bsp-footer -->\r\n\r\n\t\t\t<\/li><!-- .bbp-footer -->\r\n\r\n\t\t<\/ul><!-- .forums-directory -->\r\n\r\n\r\n\r\n\n\t\n\t\n<\/div>\n<code><\/code><\/p>\n","protected":false},"excerpt":{"rendered":"","protected":false},"author":4,"featured_media":0,"parent":0,"menu_order":0,"comment_status":"closed","ping_status":"closed","template":"","meta":{"_bbp_topic_count":0,"_bbp_reply_count":0,"_bbp_total_topic_count":0,"_bbp_total_reply_count":0,"_bbp_voice_count":0,"_bbp_anonymous_reply_count":0,"_bbp_topic_count_hidden":0,"_bbp_reply_count_hidden":0,"_bbp_forum_subforum_count":0},"_links":{"self":[{"href":"https:\/\/www.rockin-wildcat.com\/rwc\/wp-json\/wp\/v2\/pages\/23772"}],"collection":[{"href":"https:\/\/www.rockin-wildcat.com\/rwc\/wp-json\/wp\/v2\/pages"}],"about":[{"href":"https:\/\/www.rockin-wildcat.com\/rwc\/wp-json\/wp\/v2\/types\/page"}],"author":[{"embeddable":true,"href":"https:\/\/www.rockin-wildcat.com\/rwc\/wp-json\/wp\/v2\/users\/4"}],"replies":[{"embeddable":true,"href":"https:\/\/www.rockin-wildcat.com\/rwc\/wp-json\/wp\/v2\/comments?post=23772"}],"version-history":[{"count":4,"href":"https:\/\/www.rockin-wildcat.com\/rwc\/wp-json\/wp\/v2\/pages\/23772\/revisions"}],"predecessor-version":[{"id":23909,"href":"https:\/\/www.rockin-wildcat.com\/rwc\/wp-json\/wp\/v2\/pages\/23772\/revisions\/23909"}],"wp:attachment":[{"href":"https:\/\/www.rockin-wildcat.com\/rwc\/wp-json\/wp\/v2\/media?parent=23772"}],"curies":[{"name":"wp","href":"https:\/\/api.w.org\/{rel}","templated":true}]}}