{"id":24011,"date":"2021-02-13T22:30:48","date_gmt":"2021-02-13T21:30:48","guid":{"rendered":"https:\/\/www.rockin-wildcat.com\/rwc\/?page_id=24011"},"modified":"2021-02-13T23:54:12","modified_gmt":"2021-02-13T22:54:12","slug":"about","status":"publish","type":"page","link":"https:\/\/www.rockin-wildcat.com\/rwc\/about","title":{"rendered":"About"},"content":{"rendered":"<h3>Ein paar Worte \u00fcber die Rockin&#8217; Wildcat Geschichte<\/h3>\n<p>&nbsp;<\/p>\n<p>Am 17. Dezember 1998 erblickte <strong>Rockin&#8217; Wildcat<\/strong> das Licht der Welt. Wie genau kam es dazu und was ist seitdem passiert? Diesen Fragen gehen die folgenden Zeilen auf den Grund.<\/p>\n<p>Im windigen und nassen Herbst des Jahres 1998 sa\u00df ich mal wieder im PC-Raum meiner Uni und war in den Weiten des Internets \u2013 na gut, sooo weit waren diese damals noch nicht \u2013 unterwegs und versuchte Infos \u00fcber die sch\u00f6nste Sache der Welt, den <strong>Rock&#8217;n&#8217;Roll<\/strong>, zu finden.<\/p>\n<p>Leider waren meine Bem\u00fchungen damals noch nicht von gro\u00dfem Erfolg gepr\u00e4gt. Klar, es gab die ersten Seiten der Bands, die aber meist nur zur Vorstellung dienten und dar\u00fcber hinaus nur wenig aktuell und informativ waren.<\/p>\n<p>Die gr\u00f6\u00dfte Anlaufstelle damals war <strong>wreckingpit.com \u2013 The Psychobilly Homepage<\/strong>. Hier gab es haufenweise Infos, News, Bilder, Links, etc. Aber die Seite kam aus Holland und hatte einen sehr internationalen Fokus. Ebenfalls aus Holland kam zu dieser Zeit die <strong>BlackCat Rockabilly<\/strong> Seite, die sich mehr dem <strong>50s Rock&#8217;n&#8217;Roll<\/strong> und dem <strong>Rockabilly<\/strong> verschrieben hatte.<\/p>\n<p>Was mir aber weiterhin fehlte, war eine Seite, die insbesondere die <strong>Berliner Szene<\/strong> abbildete. Was f\u00fcr Konzerte st\u00fcnden in den kommenden Wochen und Monaten an? Diese Frage bewegte mich am meisten. Klar, es gab auf allen Konzerten Flyer und auch <strong>Druschba<\/strong> war zu der Zeit immer flei\u00dfig dabei sein monatliches <strong>&#8220;Rockin'&#8221;<\/strong> zu verteilen. Aber ich wollte gerne was Elektronisches haben \u2013 eine Website, auf der das alles zu lesen ist.<\/p>\n<p>Als ich also letztendlich feststellen musste, dass es sowas nicht gibt, entschied ich mich, diese Seite selbst ins Leben zu rufen. Das war die Geburtsstunde von <strong>Rockin&#8217; Wildcat<\/strong>.<\/p>\n<p>&nbsp;<\/p>\n<h4>Die ersten Schritte<\/h4>\n<p>Ich setzte mich also an meinen PC und begann die Seite aufzubauen. Vorher ein paar Skizzen auf Papier, um alle Ideen einmal festzuhalten.<\/p>\n<p>Ein paar Wochen sp\u00e4ter, eben im Dezember 1998, ging die Seite dann erstmals online.<\/p>\n<p style=\"text-align: center;\"><img loading=\"lazy\" class=\"alignnone wp-image-24026 size-full\" src=\"https:\/\/www.rockin-wildcat.com\/rwc\/wp-content\/uploads\/2021\/02\/rwc2000.jpg\" alt=\"Rockin' Wildcat 2000\" width=\"2471\" height=\"1605\" srcset=\"https:\/\/www.rockin-wildcat.com\/rwc\/wp-content\/uploads\/2021\/02\/rwc2000.jpg 2471w, https:\/\/www.rockin-wildcat.com\/rwc\/wp-content\/uploads\/2021\/02\/rwc2000-300x195.jpg 300w, https:\/\/www.rockin-wildcat.com\/rwc\/wp-content\/uploads\/2021\/02\/rwc2000-1024x665.jpg 1024w, https:\/\/www.rockin-wildcat.com\/rwc\/wp-content\/uploads\/2021\/02\/rwc2000-768x499.jpg 768w, https:\/\/www.rockin-wildcat.com\/rwc\/wp-content\/uploads\/2021\/02\/rwc2000-100x65.jpg 100w, https:\/\/www.rockin-wildcat.com\/rwc\/wp-content\/uploads\/2021\/02\/rwc2000-1536x998.jpg 1536w, https:\/\/www.rockin-wildcat.com\/rwc\/wp-content\/uploads\/2021\/02\/rwc2000-2048x1330.jpg 2048w\" sizes=\"(max-width: 2471px) 100vw, 2471px\" \/><\/p>\n<p style=\"text-align: center;\"><em>Rockin&#8217; Wildcat 2000<\/em><\/p>\n<p>&nbsp;<\/p>\n<p>Die wesentlichen Bestandteile <strong>&#8220;News &amp; Gossip&#8221;<\/strong>, der <strong>&#8220;Guide&#8221;<\/strong>, die <strong>&#8220;Photopage&#8221;<\/strong> und das <strong>&#8220;Forum&#8221;<\/strong> waren von Anfang an wesentliche Bestandteile der Seite. In den Anfangsjahren gab es zudem auf der Startseite das <strong>&#8220;Hello everybody \u2026&#8221;<\/strong>, in dem ich immer das schrieb, was mich gerade bewegte und auf die Neuigkeiten in den einzelnen Rubriken der Seite verwies. Die Ansprache der Besucher war damit noch pers\u00f6nlicher. Spannend auch noch zu sehen, die damals sehr wichtigen und viel genutzten Webrings, die thematisch \u00e4hnliche Seiten miteinander verlinkt haben. So fand man damals am besten neue interessante <strong>Rock&#8217;n&#8217;Roll<\/strong> Websites.<\/p>\n<p style=\"text-align: center;\"><img loading=\"lazy\" class=\"aligncenter wp-image-24025 size-full\" src=\"https:\/\/www.rockin-wildcat.com\/rwc\/wp-content\/uploads\/2021\/02\/rwc2001-1.png\" alt=\"Rockin' Wildcat 2001\" width=\"1077\" height=\"1199\" srcset=\"https:\/\/www.rockin-wildcat.com\/rwc\/wp-content\/uploads\/2021\/02\/rwc2001-1.png 1077w, https:\/\/www.rockin-wildcat.com\/rwc\/wp-content\/uploads\/2021\/02\/rwc2001-1-269x300.png 269w, https:\/\/www.rockin-wildcat.com\/rwc\/wp-content\/uploads\/2021\/02\/rwc2001-1-920x1024.png 920w, https:\/\/www.rockin-wildcat.com\/rwc\/wp-content\/uploads\/2021\/02\/rwc2001-1-768x855.png 768w, https:\/\/www.rockin-wildcat.com\/rwc\/wp-content\/uploads\/2021\/02\/rwc2001-1-90x100.png 90w\" sizes=\"(max-width: 1077px) 100vw, 1077px\" \/><\/p>\n<p style=\"text-align: center;\"><em>Rockin&#8217; Wildcat 2001<br \/>\n<\/em><\/p>\n<p>&nbsp;<\/p>\n<h4>Rockin&#8217; Wildcat 2.0<\/h4>\n<p>2003 kam es dann zur ersten Revolution. Weg vom HTML, hin zur PHP-Programmierung. Die Seite wurde komplett umgebaut, ein sogenanntes Content-Management-System (CMS) wurde installiert und diente fortan als Basis f\u00fcr die kommenden zehn Jahre. Die vermutlich gr\u00f6\u00dfte Ver\u00e4nderung war in diesem Zuge das <strong>&#8220;Forum&#8221;<\/strong>. Ab jetzt lebte es richtig auf. Es war leichter zu handhaben als zuvor und es entwickelte sich eine tolle Community, die in ihren besten Zeiten weit \u00fcber 1.000 Mitglieder z\u00e4hlte. Die Seite florierte und hatte t\u00e4glich hunderte Besucher. Es fiel mir dadurch nat\u00fcrlich leicht, regelm\u00e4\u00dfig neue Inhalte zu posten. Es kamen <strong>&#8220;Reviews&#8221;<\/strong> von Konzerten und Schallplatten dazu, <strong>&#8220;Interviews&#8221;<\/strong> mit Musikern und der <strong>&#8220;Miss Rockin&#8217; Wildcat Contest&#8221;<\/strong> fand statt.<\/p>\n<p style=\"text-align: center;\"><img loading=\"lazy\" class=\"aligncenter wp-image-24021 size-full\" src=\"https:\/\/www.rockin-wildcat.com\/rwc\/wp-content\/uploads\/2021\/02\/rwc2004.png\" alt=\"Rockin' Wildcat 2004\" width=\"840\" height=\"1651\" srcset=\"https:\/\/www.rockin-wildcat.com\/rwc\/wp-content\/uploads\/2021\/02\/rwc2004.png 840w, https:\/\/www.rockin-wildcat.com\/rwc\/wp-content\/uploads\/2021\/02\/rwc2004-153x300.png 153w, https:\/\/www.rockin-wildcat.com\/rwc\/wp-content\/uploads\/2021\/02\/rwc2004-521x1024.png 521w, https:\/\/www.rockin-wildcat.com\/rwc\/wp-content\/uploads\/2021\/02\/rwc2004-768x1509.png 768w, https:\/\/www.rockin-wildcat.com\/rwc\/wp-content\/uploads\/2021\/02\/rwc2004-51x100.png 51w, https:\/\/www.rockin-wildcat.com\/rwc\/wp-content\/uploads\/2021\/02\/rwc2004-781x1536.png 781w\" sizes=\"(max-width: 840px) 100vw, 840px\" \/><\/p>\n<p style=\"text-align: center;\"><em>Rockin&#8217; Wildcat 2004<\/em><\/p>\n<p>&nbsp;<\/p>\n<p style=\"text-align: center;\"><img loading=\"lazy\" class=\"alignnone size-full wp-image-24020\" src=\"https:\/\/www.rockin-wildcat.com\/rwc\/wp-content\/uploads\/2021\/02\/rwc2007-1.png\" alt=\"\" width=\"838\" height=\"1730\" srcset=\"https:\/\/www.rockin-wildcat.com\/rwc\/wp-content\/uploads\/2021\/02\/rwc2007-1.png 838w, https:\/\/www.rockin-wildcat.com\/rwc\/wp-content\/uploads\/2021\/02\/rwc2007-1-145x300.png 145w, https:\/\/www.rockin-wildcat.com\/rwc\/wp-content\/uploads\/2021\/02\/rwc2007-1-496x1024.png 496w, https:\/\/www.rockin-wildcat.com\/rwc\/wp-content\/uploads\/2021\/02\/rwc2007-1-768x1585.png 768w, https:\/\/www.rockin-wildcat.com\/rwc\/wp-content\/uploads\/2021\/02\/rwc2007-1-48x100.png 48w, https:\/\/www.rockin-wildcat.com\/rwc\/wp-content\/uploads\/2021\/02\/rwc2007-1-744x1536.png 744w\" sizes=\"(max-width: 838px) 100vw, 838px\" \/><\/p>\n<p style=\"text-align: center;\"><em>Rockin&#8217; Wildcat 2007<\/em><\/p>\n<p>&nbsp;<\/p>\n<p>Ab 2010 wurde jedoch der Einfluss von Facebook auf das Surfverhalten der Internetbenutzer immer gr\u00f6\u00dfer und so merkte man letztlich auch, dass das Forum wohl nicht mehr als Plattform zum Austausch der Szene dienen konnte. Alles was neu ist, ist eben spannender \u2026<\/p>\n<p>&nbsp;<\/p>\n<h4>Relaunch 2014<\/h4>\n<p>Also entschloss ich mich im Jahr 2013 die Seite einem Relaunch zu unterziehen, verabschiedete mich vom alten CMS und in diesem Zuge verschwand auch das Forum. Zu stark war inzwischen die Nutzung der sozialen Medien, insbesondere Facebook, geworden. Frei nach dem Motto \u201eReduced to the Max\u201c sollte Rockin\u2018 Wildcat zuk\u00fcnftig wieder f\u00fcr die Kernbereiche <strong>&#8220;News &amp; Gossip&#8221;<\/strong>, den <strong>&#8220;Guide&#8221;<\/strong> und die <strong>&#8220;Photopage&#8221;<\/strong> stehen. Neu hinzu kam nun noch die Rubrik <strong>&#8220;Rockin Wildcat TV&#8221;<\/strong>, da ich nun neben Fotos auch regelm\u00e4\u00dfig Videos auf Konzerten aufnahm. Die alte Photopage wurde im <strong>&#8220;Archiv&#8221;<\/strong> auf der neuen Seite verlinkt. Ebenso das alte Forum. So konnte man noch die alten Beitr\u00e4ge nachlesen, neue Beitr\u00e4ge schreiben war jedoch nicht mehr m\u00f6glich. Am 3. M\u00e4rz 2014 ging die neue Seite online.<\/p>\n<p style=\"text-align: center;\"><img loading=\"lazy\" class=\"alignnone size-full wp-image-24017\" src=\"https:\/\/www.rockin-wildcat.com\/rwc\/wp-content\/uploads\/2021\/02\/rwc2015_1.png\" alt=\"\" width=\"869\" height=\"1164\" srcset=\"https:\/\/www.rockin-wildcat.com\/rwc\/wp-content\/uploads\/2021\/02\/rwc2015_1.png 869w, https:\/\/www.rockin-wildcat.com\/rwc\/wp-content\/uploads\/2021\/02\/rwc2015_1-224x300.png 224w, https:\/\/www.rockin-wildcat.com\/rwc\/wp-content\/uploads\/2021\/02\/rwc2015_1-764x1024.png 764w, https:\/\/www.rockin-wildcat.com\/rwc\/wp-content\/uploads\/2021\/02\/rwc2015_1-768x1029.png 768w, https:\/\/www.rockin-wildcat.com\/rwc\/wp-content\/uploads\/2021\/02\/rwc2015_1-75x100.png 75w\" sizes=\"(max-width: 869px) 100vw, 869px\" \/><img loading=\"lazy\" class=\"alignnone size-full wp-image-24016\" src=\"https:\/\/www.rockin-wildcat.com\/rwc\/wp-content\/uploads\/2021\/02\/rwc2015_2.png\" alt=\"\" width=\"868\" height=\"1382\" srcset=\"https:\/\/www.rockin-wildcat.com\/rwc\/wp-content\/uploads\/2021\/02\/rwc2015_2.png 868w, https:\/\/www.rockin-wildcat.com\/rwc\/wp-content\/uploads\/2021\/02\/rwc2015_2-188x300.png 188w, https:\/\/www.rockin-wildcat.com\/rwc\/wp-content\/uploads\/2021\/02\/rwc2015_2-643x1024.png 643w, https:\/\/www.rockin-wildcat.com\/rwc\/wp-content\/uploads\/2021\/02\/rwc2015_2-768x1223.png 768w, https:\/\/www.rockin-wildcat.com\/rwc\/wp-content\/uploads\/2021\/02\/rwc2015_2-63x100.png 63w\" sizes=\"(max-width: 868px) 100vw, 868px\" \/><img loading=\"lazy\" class=\"alignnone size-full wp-image-24015\" src=\"https:\/\/www.rockin-wildcat.com\/rwc\/wp-content\/uploads\/2021\/02\/rwc2015_3.png\" alt=\"\" width=\"869\" height=\"1151\" srcset=\"https:\/\/www.rockin-wildcat.com\/rwc\/wp-content\/uploads\/2021\/02\/rwc2015_3.png 869w, https:\/\/www.rockin-wildcat.com\/rwc\/wp-content\/uploads\/2021\/02\/rwc2015_3-226x300.png 226w, https:\/\/www.rockin-wildcat.com\/rwc\/wp-content\/uploads\/2021\/02\/rwc2015_3-773x1024.png 773w, https:\/\/www.rockin-wildcat.com\/rwc\/wp-content\/uploads\/2021\/02\/rwc2015_3-768x1017.png 768w, https:\/\/www.rockin-wildcat.com\/rwc\/wp-content\/uploads\/2021\/02\/rwc2015_3-75x100.png 75w\" sizes=\"(max-width: 869px) 100vw, 869px\" \/><\/p>\n<p style=\"text-align: center;\"><em>Rockin&#8217; Wildcat 2016<\/em><\/p>\n<p>&nbsp;<\/p>\n<p>Die Kommunikation der Szene untereinander wurde ausgelagert in eine <strong>Facebook<\/strong> Gruppe. Doch so richtig ging diese Idee nicht auf. In der <strong>Facebook<\/strong> Gruppe kam es nicht ann\u00e4hernd zu solch einem Austausch, wie es ihn zuvor im Forum gab. <strong>Facebook<\/strong> war bzw. ist daf\u00fcr auch nicht gemacht. Dort geht es nur um die schnellen Info-H\u00e4ppchen, nicht jedoch um lange und tiefgr\u00fcndige Diskussionen.<\/p>\n<p>Immer wieder in all den Jahren wurde ich darauf angesprochen, dass das alte Forum doch irgendwie fehlt. Und auch in mir selbst wuchs immer mehr die \u00dcberzeugung, dass es an einem Ort f\u00fcr einen intensiven Austausch fehlt. Dementsprechend fing ich also irgendwann an, \u00fcber den n\u00e4chsten Relaunch nachzudenken und es war klar, dass es auch wieder ein Forum geben w\u00fcrde.<\/p>\n<p>Nachdem durch die Einstellung des vormals genutzen CMS dann auch noch die Bilder und das alte Forum nicht mehr \u00fcber das <strong>&#8220;Archiv&#8221;<\/strong> abrufbar waren, war klar, dass es irgendwann eine Runderneuerung der Seite geben m\u00fcsse. Und so fing ich dann schlie\u00dflich im August 2020 an, die ersten Ideen und Konzepte f\u00fcr die neue Version der <strong>Rockin&#8217; Wildcat<\/strong> Seite auszuarbeiten und habe weder M\u00fchen noch Kosten gescheut, um euch die neue Seite zu pr\u00e4sentieren. Und da ist sie nun! Ich hoffe, ihr habt genauso viel Spa\u00df beim Benutzen wie ich beim Erstellen.<\/p>\n<p>Bj\u00f6rn, Februar 2021<\/p>\n<p>&nbsp;<\/p>\n<h3>Rockin&#8217; Wildcat Startseiten Logos 2001 &#8211; 2021<\/h3>\n\t\t\t<style>\n                #foogallery-gallery-24060.fg-justified .fg-item {\n                    margin-right: 2px;\n                    margin-bottom: 2px;\n                }\n\n                #foogallery-gallery-24060.fg-justified .fg-image {\n                    height: 200px;\n                }\n\t\t\t<\/style>\n\t\t\t<div class=\"foogallery foogallery-container foogallery-justified foogallery-lightbox-none fg-justified fg-dark fg-round-medium fg-loading-default fg-loaded-fade-in fg-caption-hover fg-hover-fade fg-hover-eye fg-ready\" id=\"foogallery-gallery-24060\" data-foogallery=\"{&quot;item&quot;:{&quot;showCaptionTitle&quot;:true,&quot;showCaptionDescription&quot;:false},&quot;lazy&quot;:true,&quot;paging&quot;:{&quot;type&quot;:&quot;dots&quot;,&quot;theme&quot;:&quot;fg-dark&quot;,&quot;size&quot;:100,&quot;position&quot;:&quot;bottom&quot;,&quot;scrollToTop&quot;:false,&quot;output&quot;:&quot;html&quot;},&quot;template&quot;:{&quot;rowHeight&quot;:200,&quot;maxRowHeight&quot;:300,&quot;margins&quot;:2,&quot;align&quot;:&quot;center&quot;,&quot;lastRow&quot;:&quot;smart&quot;}}\" >\n\t<div class=\"fg-item fg-type-image fg-idle\"><figure class=\"fg-item-inner\"><a href=\"https:\/\/www.rockin-wildcat.com\/rwc\/wp-content\/uploads\/2021\/02\/startrwc2002.png\" data-caption-title=\"2001 - 2003\" data-attachment-id=\"24024\" data-type=\"image\" class=\"fg-thumb\"><span class=\"fg-image-wrap\"><img title=\"2001 - 2003\" height=\"300\" width=\"304\" class=\"skip-lazy fg-image\" data-src-fg=\"https:\/\/www.rockin-wildcat.com\/rwc\/wp-content\/uploads\/cache\/2021\/02\/startrwc2002\/75911381.png\" src=\"data:image\/svg+xml,%3Csvg%20xmlns%3D%22http%3A%2F%2Fwww.w3.org%2F2000%2Fsvg%22%20width%3D%22304%22%20height%3D%22300%22%20viewBox%3D%220%200%20304%20300%22%3E%3C%2Fsvg%3E\" loading=\"eager\"><\/span><span class=\"fg-image-overlay\"><\/span><\/a><figcaption class=\"fg-caption\"><div class=\"fg-caption-inner\"><div class=\"fg-caption-title\">2001 - 2003<\/div><\/div><\/figcaption><\/figure><div class=\"fg-loader\"><\/div><\/div><div class=\"fg-item fg-type-image fg-idle\"><figure class=\"fg-item-inner\"><a href=\"https:\/\/www.rockin-wildcat.com\/rwc\/wp-content\/uploads\/2021\/02\/startrwc2003_2.png\" data-caption-title=\"2003 - 2005\" data-attachment-id=\"24023\" data-type=\"image\" class=\"fg-thumb\"><span class=\"fg-image-wrap\"><img title=\"2003 - 2005\" height=\"300\" width=\"364\" class=\"skip-lazy fg-image\" data-src-fg=\"https:\/\/www.rockin-wildcat.com\/rwc\/wp-content\/uploads\/cache\/2021\/02\/startrwc2003_2\/530067956.png\" src=\"data:image\/svg+xml,%3Csvg%20xmlns%3D%22http%3A%2F%2Fwww.w3.org%2F2000%2Fsvg%22%20width%3D%22364%22%20height%3D%22300%22%20viewBox%3D%220%200%20364%20300%22%3E%3C%2Fsvg%3E\" loading=\"eager\"><\/span><span class=\"fg-image-overlay\"><\/span><\/a><figcaption class=\"fg-caption\"><div class=\"fg-caption-inner\"><div class=\"fg-caption-title\">2003 - 2005<\/div><\/div><\/figcaption><\/figure><div class=\"fg-loader\"><\/div><\/div><div class=\"fg-item fg-type-image fg-idle\"><figure class=\"fg-item-inner\"><a href=\"https:\/\/www.rockin-wildcat.com\/rwc\/wp-content\/uploads\/2021\/02\/startrwc2005.png\" data-caption-title=\"2005 - 2014\" data-attachment-id=\"24022\" data-type=\"image\" class=\"fg-thumb\"><span class=\"fg-image-wrap\"><img title=\"2005 - 2014\" height=\"300\" width=\"233\" class=\"skip-lazy fg-image\" data-src-fg=\"https:\/\/www.rockin-wildcat.com\/rwc\/wp-content\/uploads\/cache\/2021\/02\/startrwc2005\/39416459.png\" src=\"data:image\/svg+xml,%3Csvg%20xmlns%3D%22http%3A%2F%2Fwww.w3.org%2F2000%2Fsvg%22%20width%3D%22233%22%20height%3D%22300%22%20viewBox%3D%220%200%20233%20300%22%3E%3C%2Fsvg%3E\" loading=\"eager\"><\/span><span class=\"fg-image-overlay\"><\/span><\/a><figcaption class=\"fg-caption\"><div class=\"fg-caption-inner\"><div class=\"fg-caption-title\">2005 - 2014<\/div><\/div><\/figcaption><\/figure><div class=\"fg-loader\"><\/div><\/div><div class=\"fg-item fg-type-image fg-idle\"><figure class=\"fg-item-inner\"><a href=\"https:\/\/www.rockin-wildcat.com\/rwc\/wp-content\/uploads\/2021\/02\/startrwc2014.png\" data-caption-title=\"2014 - 2020\" data-attachment-id=\"24018\" data-type=\"image\" class=\"fg-thumb\"><span class=\"fg-image-wrap\"><img title=\"2014 - 2020\" height=\"300\" width=\"276\" class=\"skip-lazy fg-image\" data-src-fg=\"https:\/\/www.rockin-wildcat.com\/rwc\/wp-content\/uploads\/cache\/2021\/02\/startrwc2014\/3120331923.png\" src=\"data:image\/svg+xml,%3Csvg%20xmlns%3D%22http%3A%2F%2Fwww.w3.org%2F2000%2Fsvg%22%20width%3D%22276%22%20height%3D%22300%22%20viewBox%3D%220%200%20276%20300%22%3E%3C%2Fsvg%3E\" loading=\"eager\"><\/span><span class=\"fg-image-overlay\"><\/span><\/a><figcaption class=\"fg-caption\"><div class=\"fg-caption-inner\"><div class=\"fg-caption-title\">2014 - 2020<\/div><\/div><\/figcaption><\/figure><div class=\"fg-loader\"><\/div><\/div><div class=\"fg-item fg-type-image fg-idle\"><figure class=\"fg-item-inner\"><a href=\"https:\/\/www.rockin-wildcat.com\/rwc\/wp-content\/uploads\/2021\/02\/RWC_Landing_Page_2021.jpg\" data-caption-title=\"ab 2021\" data-attachment-id=\"24043\" data-type=\"image\" class=\"fg-thumb\"><span class=\"fg-image-wrap\"><img title=\"ab 2021\" height=\"300\" width=\"300\" class=\"skip-lazy fg-image\" data-src-fg=\"https:\/\/www.rockin-wildcat.com\/rwc\/wp-content\/uploads\/cache\/2021\/02\/RWC_Landing_Page_2021\/3005985547.jpg\" data-srcset-fg=\"https:\/\/www.rockin-wildcat.com\/rwc\/wp-content\/uploads\/cache\/2021\/02\/RWC_Landing_Page_2021\/344535968.jpg 2x\" src=\"data:image\/svg+xml,%3Csvg%20xmlns%3D%22http%3A%2F%2Fwww.w3.org%2F2000%2Fsvg%22%20width%3D%22300%22%20height%3D%22300%22%20viewBox%3D%220%200%20300%20300%22%3E%3C%2Fsvg%3E\" loading=\"eager\"><\/span><span class=\"fg-image-overlay\"><\/span><\/a><figcaption class=\"fg-caption\"><div class=\"fg-caption-inner\"><div class=\"fg-caption-title\">ab 2021<\/div><\/div><\/figcaption><\/figure><div class=\"fg-loader\"><\/div><\/div><\/div>\n\n","protected":false},"excerpt":{"rendered":"<p>Ein paar Worte \u00fcber die Rockin&#8217; Wildcat Geschichte &nbsp; Am 17. Dezember 1998 erblickte Rockin&#8217; Wildcat das Licht der Welt. Wie genau kam es dazu [&hellip;]<\/p>\n","protected":false},"author":4,"featured_media":24043,"parent":0,"menu_order":0,"comment_status":"closed","ping_status":"closed","template":"","meta":{"_bbp_topic_count":0,"_bbp_reply_count":0,"_bbp_total_topic_count":0,"_bbp_total_reply_count":0,"_bbp_voice_count":0,"_bbp_anonymous_reply_count":0,"_bbp_topic_count_hidden":0,"_bbp_reply_count_hidden":0,"_bbp_forum_subforum_count":0},"_links":{"self":[{"href":"https:\/\/www.rockin-wildcat.com\/rwc\/wp-json\/wp\/v2\/pages\/24011"}],"collection":[{"href":"https:\/\/www.rockin-wildcat.com\/rwc\/wp-json\/wp\/v2\/pages"}],"about":[{"href":"https:\/\/www.rockin-wildcat.com\/rwc\/wp-json\/wp\/v2\/types\/page"}],"author":[{"embeddable":true,"href":"https:\/\/www.rockin-wildcat.com\/rwc\/wp-json\/wp\/v2\/users\/4"}],"replies":[{"embeddable":true,"href":"https:\/\/www.rockin-wildcat.com\/rwc\/wp-json\/wp\/v2\/comments?post=24011"}],"version-history":[{"count":33,"href":"https:\/\/www.rockin-wildcat.com\/rwc\/wp-json\/wp\/v2\/pages\/24011\/revisions"}],"predecessor-version":[{"id":24067,"href":"https:\/\/www.rockin-wildcat.com\/rwc\/wp-json\/wp\/v2\/pages\/24011\/revisions\/24067"}],"wp:featuredmedia":[{"embeddable":true,"href":"https:\/\/www.rockin-wildcat.com\/rwc\/wp-json\/wp\/v2\/media\/24043"}],"wp:attachment":[{"href":"https:\/\/www.rockin-wildcat.com\/rwc\/wp-json\/wp\/v2\/media?parent=24011"}],"curies":[{"name":"wp","href":"https:\/\/api.w.org\/{rel}","templated":true}]}}